{"id":14,"date":"2021-03-23T14:59:31","date_gmt":"2021-03-23T13:59:31","guid":{"rendered":"http:\/\/domaine-tinou.fr\/?page_id=14"},"modified":"2021-04-08T14:56:55","modified_gmt":"2021-04-08T12:56:55","slug":"contact","status":"publish","type":"page","link":"https:\/\/domaine-tinou.fr\/index.php\/contact\/","title":{"rendered":"CONTACT"},"content":{"rendered":"\t\t<div data-elementor-type=\"wp-page\" data-elementor-id=\"14\" class=\"elementor elementor-14\">\n\t\t\t\t\t\t<section class=\"elementor-section elementor-top-section elementor-element elementor-element-f568673 elementor-section-stretched elementor-section-boxed elementor-section-height-default elementor-section-height-default\" data-id=\"f568673\" data-element_type=\"section\" data-settings=\"{&quot;stretch_section&quot;:&quot;section-stretched&quot;}\">\n\t\t\t\t\t\t<div class=\"elementor-container elementor-column-gap-default\">\n\t\t\t\t\t<div class=\"elementor-column elementor-col-50 elementor-top-column elementor-element elementor-element-3039403\" data-id=\"3039403\" data-element_type=\"column\">\n\t\t\t<div class=\"elementor-widget-wrap elementor-element-populated\">\n\t\t\t\t\t\t<div class=\"elementor-element elementor-element-9112edf elementor-widget elementor-widget-text-editor\" data-id=\"9112edf\" data-element_type=\"widget\" data-widget_type=\"text-editor.default\">\n\t\t\t\t<div class=\"elementor-widget-container\">\n\t\t\t\t\t\t\t\t\t<p><span style=\"font-size: inherit;\">Domaine TINOU<\/span><\/p>\n\n\n\n<p>Serge Hondet<br>1325 Chemin Ranc\u00e9s \u2013 Quartier Rey<br>64290 LASSEUBE<br>T\u00e9l. +33 (0)5 59 04 21 77<br>GSM. +33 (06) 70 57 73 28<\/p>\n\n\n\n<p><\/p>\n\n\n\n<p>Accueil au domaine du lundi au vendredi<br>de 9h \u00e012h et de 14h \u00e0 17h et le week-end sur RDV.<br><\/p>\n\n\n\n<p>Pour vous assurer de notre disponibilit\u00e9,<br>merci de prendre rendez-vous<br>avant toutes visites<\/p>\n\n\n\n<p>Animaux accept\u00e9s.<br>Visite-d\u00e9gustation gratuite. Vente directe.<br>Visite guid\u00e9e uniquement sur rendez-vous.<\/p>\t\t\t\t\t\t\t\t<\/div>\n\t\t\t\t<\/div>\n\t\t\t\t\t<\/div>\n\t\t<\/div>\n\t\t\t\t<div class=\"elementor-column elementor-col-50 elementor-top-column elementor-element elementor-element-c5165d2\" data-id=\"c5165d2\" data-element_type=\"column\">\n\t\t\t<div class=\"elementor-widget-wrap elementor-element-populated\">\n\t\t\t\t\t\t<div class=\"elementor-element elementor-element-95b2426 elementor-widget elementor-widget-google_maps\" data-id=\"95b2426\" data-element_type=\"widget\" data-widget_type=\"google_maps.default\">\n\t\t\t\t<div class=\"elementor-widget-container\">\n\t\t\t\t\t\t\t<div class=\"elementor-custom-embed\">\n\t\t\t<iframe loading=\"lazy\"\n\t\t\t\t\tsrc=\"https:\/\/maps.google.com\/maps?q=Domaine%20Tinou&#038;t=m&#038;z=10&#038;output=embed&#038;iwloc=near\"\n\t\t\t\t\ttitle=\"Domaine Tinou\"\n\t\t\t\t\taria-label=\"Domaine Tinou\"\n\t\t\t><\/iframe>\n\t\t<\/div>\n\t\t\t\t\t\t<\/div>\n\t\t\t\t<\/div>\n\t\t\t\t\t<\/div>\n\t\t<\/div>\n\t\t\t\t\t<\/div>\n\t\t<\/section>\n\t\t\t\t<section class=\"elementor-section elementor-top-section elementor-element elementor-element-9fe6a14 elementor-section-stretched elementor-section-boxed elementor-section-height-default elementor-section-height-default\" data-id=\"9fe6a14\" data-element_type=\"section\" data-settings=\"{&quot;stretch_section&quot;:&quot;section-stretched&quot;}\">\n\t\t\t\t\t\t<div class=\"elementor-container elementor-column-gap-default\">\n\t\t\t\t\t<div class=\"elementor-column elementor-col-100 elementor-top-column elementor-element elementor-element-625e073\" data-id=\"625e073\" data-element_type=\"column\">\n\t\t\t<div class=\"elementor-widget-wrap elementor-element-populated\">\n\t\t\t\t\t\t<div class=\"elementor-element elementor-element-3f28bc0 elementor-widget-divider--view-line elementor-widget elementor-widget-divider\" data-id=\"3f28bc0\" data-element_type=\"widget\" data-widget_type=\"divider.default\">\n\t\t\t\t<div class=\"elementor-widget-container\">\n\t\t\t\t\t\t\t<div class=\"elementor-divider\">\n\t\t\t<span class=\"elementor-divider-separator\">\n\t\t\t\t\t\t<\/span>\n\t\t<\/div>\n\t\t\t\t\t\t<\/div>\n\t\t\t\t<\/div>\n\t\t\t\t<div class=\"elementor-element elementor-element-fe7b9e0 elementor-widget elementor-widget-wpforms\" data-id=\"fe7b9e0\" data-element_type=\"widget\" data-widget_type=\"wpforms.default\">\n\t\t\t\t<div class=\"elementor-widget-container\">\n\t\t\t\t\t<div class=\"wpforms-container wpforms-container-full\" id=\"wpforms-67\"><form id=\"wpforms-form-67\" class=\"wpforms-validate wpforms-form\" data-formid=\"67\" method=\"post\" enctype=\"multipart\/form-data\" action=\"\/index.php\/wp-json\/wp\/v2\/pages\/14\" data-token=\"7f26dab7b5929b8836f837c4f4192aae\" data-token-time=\"1775309268\"><noscript class=\"wpforms-error-noscript\">Veuillez activer JavaScript dans votre navigateur pour remplir ce formulaire.<\/noscript><div class=\"wpforms-field-container\"><div id=\"wpforms-67-field_0-container\" class=\"wpforms-field wpforms-field-name wpforms-one-half wpforms-first\" data-field-id=\"0\"><label class=\"wpforms-field-label wpforms-label-hide\" for=\"wpforms-67-field_0\">Pr\u00e9nomNom<\/label><div class=\"wpforms-field-row wpforms-field-large\"><div class=\"wpforms-field-row-block wpforms-first wpforms-one-half\"><input type=\"text\" id=\"wpforms-67-field_0\" class=\"wpforms-field-name-first\" name=\"wpforms[fields][0][first]\" placeholder=\"Pr\u00e9nom\" ><label for=\"wpforms-67-field_0\" class=\"wpforms-field-sublabel after wpforms-sublabel-hide\">Pr\u00e9nom<\/label><\/div><div class=\"wpforms-field-row-block wpforms-one-half\"><input type=\"text\" id=\"wpforms-67-field_0-last\" class=\"wpforms-field-name-last\" name=\"wpforms[fields][0][last]\" placeholder=\"Nom\" ><label for=\"wpforms-67-field_0-last\" class=\"wpforms-field-sublabel after wpforms-sublabel-hide\">Nom<\/label><\/div><\/div><\/div><div id=\"wpforms-67-field_6-container\" class=\"wpforms-field wpforms-field-text\" data-field-id=\"6\"><label class=\"wpforms-field-label wpforms-label-hide\" for=\"wpforms-67-field_6\">Soci\u00e9t\u00e9<\/label><input type=\"text\" id=\"wpforms-67-field_6\" class=\"wpforms-field-large\" name=\"wpforms[fields][6]\" placeholder=\"Soci\u00e9t\u00e9\" ><\/div><div id=\"wpforms-67-field_7-container\" class=\"wpforms-field wpforms-field-text\" data-field-id=\"7\"><label class=\"wpforms-field-label wpforms-label-hide\" for=\"wpforms-67-field_7\">Adresses<\/label><input type=\"text\" id=\"wpforms-67-field_7\" class=\"wpforms-field-large\" name=\"wpforms[fields][7]\" placeholder=\"Adresse\" ><\/div><div id=\"wpforms-67-field_15-container\" class=\"wpforms-field wpforms-field-text\" data-field-id=\"15\"><label class=\"wpforms-field-label wpforms-label-hide\" for=\"wpforms-67-field_15\">Ville<\/label><input type=\"text\" id=\"wpforms-67-field_15\" class=\"wpforms-field-small\" name=\"wpforms[fields][15]\" placeholder=\"Ville\" ><\/div><div id=\"wpforms-67-field_8-container\" class=\"wpforms-field wpforms-field-text\" data-field-id=\"8\"><label class=\"wpforms-field-label wpforms-label-hide\" for=\"wpforms-67-field_8\">Code postal<\/label><input type=\"text\" id=\"wpforms-67-field_8\" class=\"wpforms-field-small\" name=\"wpforms[fields][8]\" placeholder=\"Code postal\" ><\/div><div id=\"wpforms-67-field_14-container\" class=\"wpforms-field wpforms-field-text\" data-field-id=\"14\"><label class=\"wpforms-field-label wpforms-label-hide\" for=\"wpforms-67-field_14\">Pays (copier)<\/label><input type=\"text\" id=\"wpforms-67-field_14\" class=\"wpforms-field-small\" name=\"wpforms[fields][14]\" placeholder=\"Pays\" ><\/div><div id=\"wpforms-67-field_11-container\" class=\"wpforms-field wpforms-field-email\" data-field-id=\"11\"><label class=\"wpforms-field-label wpforms-label-hide\" for=\"wpforms-67-field_11\">email <span class=\"wpforms-required-label\">*<\/span><\/label><div class=\"wpforms-field-row wpforms-field-large\"><div class=\"wpforms-field-row-block wpforms-one-half wpforms-first\"><input type=\"email\" id=\"wpforms-67-field_11\" class=\"wpforms-field-required wpforms-field-email-primary\" name=\"wpforms[fields][11][primary]\" placeholder=\"E-mail\" spellcheck=\"false\" required><label for=\"wpforms-67-field_11\" class=\"wpforms-field-sublabel after wpforms-sublabel-hide\">E-mail<\/label><\/div><div class=\"wpforms-field-row-block wpforms-one-half\"><input type=\"email\" id=\"wpforms-67-field_11-secondary\" class=\"wpforms-field-email-secondary wpforms-field-required\" data-rule-confirm=\"#wpforms-67-field_11\" name=\"wpforms[fields][11][secondary]\" placeholder=\"Confirmez l&#039;e-mail\" spellcheck=\"false\" required><label for=\"wpforms-67-field_11-secondary\" class=\"wpforms-field-sublabel after wpforms-sublabel-hide\">Confirmez l\u2019e-mail<\/label><\/div><\/div><\/div><div id=\"wpforms-67-field_10-container\" class=\"wpforms-field wpforms-field-checkbox wpforms-list-inline\" data-field-id=\"10\"><label class=\"wpforms-field-label wpforms-label-hide\">Votre demande <span class=\"wpforms-required-label\">*<\/span><\/label><ul id=\"wpforms-67-field_10\" class=\"wpforms-field-required\"><li class=\"choice-1 depth-1\"><input type=\"checkbox\" id=\"wpforms-67-field_10_1\" name=\"wpforms[fields][10][]\" value=\"D\u00e9gustation\" required ><label class=\"wpforms-field-label-inline\" for=\"wpforms-67-field_10_1\">D\u00e9gustation<\/label><\/li><li class=\"choice-2 depth-1\"><input type=\"checkbox\" id=\"wpforms-67-field_10_2\" name=\"wpforms[fields][10][]\" value=\"Tarif part.\" required ><label class=\"wpforms-field-label-inline\" for=\"wpforms-67-field_10_2\">Tarif part.<\/label><\/li><li class=\"choice-3 depth-1\"><input type=\"checkbox\" id=\"wpforms-67-field_10_3\" name=\"wpforms[fields][10][]\" value=\"Tarif Pro\" required ><label class=\"wpforms-field-label-inline\" for=\"wpforms-67-field_10_3\">Tarif Pro<\/label><\/li><li class=\"choice-4 depth-1\"><input type=\"checkbox\" id=\"wpforms-67-field_10_4\" name=\"wpforms[fields][10][]\" value=\"Autres\" required ><label class=\"wpforms-field-label-inline\" for=\"wpforms-67-field_10_4\">Autres<\/label><\/li><\/ul><\/div><div id=\"wpforms-67-field_2-container\" class=\"wpforms-field wpforms-field-textarea\" data-field-id=\"2\"><label class=\"wpforms-field-label wpforms-label-hide\" for=\"wpforms-67-field_2\">Votre Message <span class=\"wpforms-required-label\">*<\/span><\/label><textarea id=\"wpforms-67-field_2\" class=\"wpforms-field-medium wpforms-field-required\" name=\"wpforms[fields][2]\" placeholder=\"Votre message\" required><\/textarea><\/div><\/div><!-- .wpforms-field-container --><div class=\"wpforms-recaptcha-container wpforms-is-recaptcha wpforms-is-recaptcha-type-v2\" ><div class=\"g-recaptcha\" data-sitekey=\"6LfWguEgAAAAAKUdknJIuVX7s8KNiLgAIi3ILaOu\"><\/div><input type=\"text\" name=\"g-recaptcha-hidden\" class=\"wpforms-recaptcha-hidden\" style=\"position:absolute!important;clip:rect(0,0,0,0)!important;height:1px!important;width:1px!important;border:0!important;overflow:hidden!important;padding:0!important;margin:0!important;\" data-rule-recaptcha=\"1\"><\/div><div class=\"wpforms-submit-container\" ><input type=\"hidden\" name=\"wpforms[id]\" value=\"67\"><input type=\"hidden\" name=\"page_title\" value=\"\"><input type=\"hidden\" name=\"page_url\" value=\"https:\/\/domaine-tinou.fr\/index.php\/wp-json\/wp\/v2\/pages\/14\"><input type=\"hidden\" name=\"url_referer\" value=\"\"><button type=\"submit\" name=\"wpforms[submit]\" id=\"wpforms-submit-67\" class=\"wpforms-submit\" data-alt-text=\"En cours d&#039;envoi...\" data-submit-text=\"Envoyer le message\" aria-live=\"assertive\" value=\"wpforms-submit\">Envoyer le message<\/button><\/div><\/form><\/div>  <!-- .wpforms-container -->\t\t\t\t<\/div>\n\t\t\t\t<\/div>\n\t\t\t\t\t<\/div>\n\t\t<\/div>\n\t\t\t\t\t<\/div>\n\t\t<\/section>\n\t\t\t\t<section class=\"elementor-section elementor-top-section elementor-element elementor-element-72b0229 elementor-section-stretched elementor-section-boxed elementor-section-height-default elementor-section-height-default\" data-id=\"72b0229\" data-element_type=\"section\" data-settings=\"{&quot;stretch_section&quot;:&quot;section-stretched&quot;}\">\n\t\t\t\t\t\t<div class=\"elementor-container elementor-column-gap-default\">\n\t\t\t\t\t<div class=\"elementor-column elementor-col-100 elementor-top-column elementor-element elementor-element-e067ed1\" data-id=\"e067ed1\" data-element_type=\"column\">\n\t\t\t<div class=\"elementor-widget-wrap elementor-element-populated\">\n\t\t\t\t\t\t<div class=\"elementor-element elementor-element-275dc33 elementor-widget-divider--view-line elementor-widget elementor-widget-divider\" data-id=\"275dc33\" data-element_type=\"widget\" data-widget_type=\"divider.default\">\n\t\t\t\t<div class=\"elementor-widget-container\">\n\t\t\t\t\t\t\t<div class=\"elementor-divider\">\n\t\t\t<span class=\"elementor-divider-separator\">\n\t\t\t\t\t\t<\/span>\n\t\t<\/div>\n\t\t\t\t\t\t<\/div>\n\t\t\t\t<\/div>\n\t\t\t\t<div class=\"elementor-element elementor-element-37021f4 elementor-widget elementor-widget-heading\" data-id=\"37021f4\" data-element_type=\"widget\" data-widget_type=\"heading.default\">\n\t\t\t\t<div class=\"elementor-widget-container\">\n\t\t\t\t\t<h1 class=\"elementor-heading-title elementor-size-default\"><span class=\"fontstyle0\">\u201c<\/span><span class=\"fontstyle0\" style=\"color:rgb(103,86,92);font-size:36pt;\">Vous \u00eates les bienvenus au Domaine !<\/span><span class=\"fontstyle0\">\u201d<\/span> <\/h1>\t\t\t\t<\/div>\n\t\t\t\t<\/div>\n\t\t\t\t\t<\/div>\n\t\t<\/div>\n\t\t\t\t\t<\/div>\n\t\t<\/section>\n\t\t\t\t<section class=\"elementor-section elementor-top-section elementor-element elementor-element-7890880 elementor-section-boxed elementor-section-height-default elementor-section-height-default\" data-id=\"7890880\" data-element_type=\"section\">\n\t\t\t\t\t\t<div class=\"elementor-container elementor-column-gap-default\">\n\t\t\t\t\t<div class=\"elementor-column elementor-col-100 elementor-top-column elementor-element elementor-element-1480a7c\" data-id=\"1480a7c\" data-element_type=\"column\">\n\t\t\t<div class=\"elementor-widget-wrap elementor-element-populated\">\n\t\t\t\t\t\t<div class=\"elementor-element elementor-element-8f1557c elementor-widget elementor-widget-image\" data-id=\"8f1557c\" data-element_type=\"widget\" data-widget_type=\"image.default\">\n\t\t\t\t<div class=\"elementor-widget-container\">\n\t\t\t\t\t\t\t\t\t\t\t\t\t\t\t<img fetchpriority=\"high\" decoding=\"async\" width=\"750\" height=\"219\" src=\"https:\/\/domaine-tinou.fr\/wp-content\/uploads\/2021\/04\/SIGNATURE-SH_01-1024x299.png\" class=\"elementor-animation-shrink attachment-large size-large wp-image-333\" alt=\"\" srcset=\"https:\/\/domaine-tinou.fr\/wp-content\/uploads\/2021\/04\/SIGNATURE-SH_01-1024x299.png 1024w, https:\/\/domaine-tinou.fr\/wp-content\/uploads\/2021\/04\/SIGNATURE-SH_01-600x175.png 600w, https:\/\/domaine-tinou.fr\/wp-content\/uploads\/2021\/04\/SIGNATURE-SH_01-300x88.png 300w, https:\/\/domaine-tinou.fr\/wp-content\/uploads\/2021\/04\/SIGNATURE-SH_01-768x225.png 768w, https:\/\/domaine-tinou.fr\/wp-content\/uploads\/2021\/04\/SIGNATURE-SH_01-1536x449.png 1536w, https:\/\/domaine-tinou.fr\/wp-content\/uploads\/2021\/04\/SIGNATURE-SH_01-2048x599.png 2048w\" sizes=\"(max-width: 750px) 100vw, 750px\" \/>\t\t\t\t\t\t\t\t\t\t\t\t\t\t\t<\/div>\n\t\t\t\t<\/div>\n\t\t\t\t\t<\/div>\n\t\t<\/div>\n\t\t\t\t\t<\/div>\n\t\t<\/section>\n\t\t\t\t<section class=\"elementor-section elementor-top-section elementor-element elementor-element-e282047 elementor-section-full_width elementor-section-stretched elementor-section-height-default elementor-section-height-default\" data-id=\"e282047\" data-element_type=\"section\" data-settings=\"{&quot;stretch_section&quot;:&quot;section-stretched&quot;}\">\n\t\t\t\t\t\t<div class=\"elementor-container elementor-column-gap-wider\">\n\t\t\t\t\t<div class=\"elementor-column elementor-col-100 elementor-top-column elementor-element elementor-element-0d4a86a\" data-id=\"0d4a86a\" data-element_type=\"column\">\n\t\t\t<div class=\"elementor-widget-wrap elementor-element-populated\">\n\t\t\t\t\t\t<div class=\"elementor-element elementor-element-387627a elementor-widget elementor-widget-image\" data-id=\"387627a\" data-element_type=\"widget\" data-widget_type=\"image.default\">\n\t\t\t\t<div class=\"elementor-widget-container\">\n\t\t\t\t\t\t\t\t\t\t\t\t\t\t\t<img decoding=\"async\" src=\"https:\/\/domaine-tinou.fr\/wp-content\/uploads\/2021\/04\/Serge_vignes_bandeau.jpg\" title=\"Serge_vignes_bandeau\" alt=\"Serge_vignes_bandeau\" loading=\"lazy\" \/>\t\t\t\t\t\t\t\t\t\t\t\t\t\t\t<\/div>\n\t\t\t\t<\/div>\n\t\t\t\t\t<\/div>\n\t\t<\/div>\n\t\t\t\t\t<\/div>\n\t\t<\/section>\n\t\t\t\t<\/div>\n\t\t","protected":false},"excerpt":{"rendered":"<p>Domaine TINOU Serge Hondet1325 Chemin Ranc\u00e9s \u2013 Quartier Rey64290 LASSEUBET\u00e9l. +33 (0)5 59 04 21 77GSM. +33 (06) 70 57 73 28 Accueil au domaine du lundi au vendredide 9h \u00e012h et de 14h \u00e0 17h et le week-end sur RDV. Pour vous assurer de notre disponibilit\u00e9,merci de prendre rendez-vousavant [&hellip;]<\/p>\n","protected":false},"author":1,"featured_media":0,"parent":0,"menu_order":0,"comment_status":"closed","ping_status":"closed","template":"","meta":{"footnotes":""},"class_list":["post-14","page","type-page","status-publish","hentry"],"_links":{"self":[{"href":"https:\/\/domaine-tinou.fr\/index.php\/wp-json\/wp\/v2\/pages\/14","targetHints":{"allow":["GET"]}}],"collection":[{"href":"https:\/\/domaine-tinou.fr\/index.php\/wp-json\/wp\/v2\/pages"}],"about":[{"href":"https:\/\/domaine-tinou.fr\/index.php\/wp-json\/wp\/v2\/types\/page"}],"author":[{"embeddable":true,"href":"https:\/\/domaine-tinou.fr\/index.php\/wp-json\/wp\/v2\/users\/1"}],"replies":[{"embeddable":true,"href":"https:\/\/domaine-tinou.fr\/index.php\/wp-json\/wp\/v2\/comments?post=14"}],"version-history":[{"count":93,"href":"https:\/\/domaine-tinou.fr\/index.php\/wp-json\/wp\/v2\/pages\/14\/revisions"}],"predecessor-version":[{"id":415,"href":"https:\/\/domaine-tinou.fr\/index.php\/wp-json\/wp\/v2\/pages\/14\/revisions\/415"}],"wp:attachment":[{"href":"https:\/\/domaine-tinou.fr\/index.php\/wp-json\/wp\/v2\/media?parent=14"}],"curies":[{"name":"wp","href":"https:\/\/api.w.org\/{rel}","templated":true}]}}